{"id":3,"date":"2023-12-18T13:22:25","date_gmt":"2023-12-18T12:22:25","guid":{"rendered":"https:\/\/www.colegionewman.org\/?page_id=3"},"modified":"2024-01-20T18:25:43","modified_gmt":"2024-01-20T17:25:43","slug":"politica-privacidad","status":"publish","type":"page","link":"https:\/\/www.colegionewman.org\/es_es\/politica-privacidad\/","title":{"rendered":"POL\u00cdTICA DE PRIVACIDAD"},"content":{"rendered":"<div  class='hr av-5qw5-9c5d58d4c950d4e5318f0d9064f96efe hr-default  avia-builder-el-0  el_before_av_heading  avia-builder-el-first '><span class='hr-inner '><span class=\"hr-inner-style\"><\/span><\/span><\/div>\n\n<style type=\"text\/css\" data-created_by=\"avia_inline_auto\" id=\"style-css-av-lqz6h59g-aa1164037db292c6750dcf22926562e9\">\n#top .av-special-heading.av-lqz6h59g-aa1164037db292c6750dcf22926562e9{\npadding-bottom:10px;\n}\nbody .av-special-heading.av-lqz6h59g-aa1164037db292c6750dcf22926562e9 .av-special-heading-tag .heading-char{\nfont-size:25px;\n}\n.av-special-heading.av-lqz6h59g-aa1164037db292c6750dcf22926562e9 .av-subheading{\nfont-size:15px;\n}\n<\/style>\n<div  class='av-special-heading av-lqz6h59g-aa1164037db292c6750dcf22926562e9 av-special-heading-h1 blockquote modern-quote  avia-builder-el-1  el_after_av_hr  el_before_av_hr '><h1 class='av-special-heading-tag'  itemprop=\"headline\"  >POL\u00cdTICA DE PRIVACIDAD<\/h1><div class=\"special-heading-border\"><div class=\"special-heading-inner-border\"><\/div><\/div><\/div>\n<div  class='hr av-2j2f-2aee95f5c19bbdd642cc7a39b99b0478 hr-default  avia-builder-el-2  el_after_av_heading  el_before_av_textblock '><span class='hr-inner '><span class=\"hr-inner-style\"><\/span><\/span><\/div>\n<section  class='av_textblock_section av-lqz6glwj-66928d5e9228975d987c465c9c141da1 '   itemscope=\"itemscope\" itemtype=\"https:\/\/schema.org\/CreativeWork\" ><div class='avia_textblock'  itemprop=\"text\" ><p><strong>Informaci\u00f3n en cumplimiento de la normativa de protecci\u00f3n de datos personales<\/strong><\/p>\n<p>Al inscribir a su hijo en el colegio para cursar sus estudios en el mismo, o para disfrutar de cualquiera de los servicios ofertados por el centro, nos estas facilitando directamente informaci\u00f3n como tu identidad, domicilio, correo electr\u00f3nico o un medio de pago. Asimismo, al visitar nuestra p\u00e1gina web, visualizar nuestros anuncios publicados en nuestros medios digitales o en los terceros desde tu ordenador, tu tableta, tu tel\u00e9fono o desde cualquier otro dispositivo, nos estas facilitando de forma automatizada informaci\u00f3n sobre tus h\u00e1bitos de navegaci\u00f3n.<\/p>\n<p>En Europa existen normas de protecci\u00f3n de datos pensadas para proteger su informaci\u00f3n personal de obligado cumplimiento para nuestra entidad. Por ello, es muy importante para nosotros que entienda perfectamente qu\u00e9 vamos a hacer con los datos personales que le pedimos ya que deseamos proteger y respetar tu privacidad.<\/p>\n<p>A continuaci\u00f3n, le explicamos c\u00f3mo y para qu\u00e9 recabamos sus datos. La informaci\u00f3n que nos proporcionas es confidencial, y solo ser\u00e1 revelada en los casos contemplados a continuaci\u00f3n y cuando una administraci\u00f3n p\u00fablica o judicial nos lo solicite o sea necesario en alg\u00fan otro caso contemplado legalmente.<\/p>\n<p><strong>\u00bfQui\u00e9nes somos?<\/strong><\/p>\n<ul>\n<li>Nuestra denominaci\u00f3n: COLEGIO INTERNACIONAL J.H.NEWMAN (En adelante Colegio Newman)<\/li>\n<li>Nuestra actividad principal: COLEGIO PRIVADO CONCERTADO<\/li>\n<li>Nuestra direcci\u00f3n: Avda Guadalajara 28, MADRID (Madrid 28032)<\/li>\n<li>Nuestro tel\u00e9fono de contacto: 917609184<\/li>\n<li>Nuestra direcci\u00f3n de correo electr\u00f3nico de contacto: secretaria@colegionewman.org<\/li>\n<li>Nuestra p\u00e1gina web: www.colegionewman.org<\/li>\n<li>Contacto con el Delegado de Protecci\u00f3n de Datos: privacidad@colegionewman.org<\/li>\n<\/ul>\n<p>Puedes contactar con nuestro responsable de privacidad, al cual puedes dirigirte si tienes alguna duda sobre c\u00f3mo tratamos la informaci\u00f3n, enviando un correo electr\u00f3nico a glanzas@colegionewman.org<\/p>\n<p>La pol\u00edtica establecida en esta p\u00e1gina es aplicable a los datos de los usuarios recabados por Colegio Newman a trav\u00e9s de: medios no digitales como, por ejemplo, formularios en soporte papel; medios digitales, como, por ejemplo, formularios online, correos electr\u00f3nicos, SMS, webs, blogs propiedad de Colegio Newman, cuentas de redes sociales donde Colegio Newman est\u00e1 presente o visualizaci\u00f3n de anuncios (en adelante, medios digitales).<\/p>\n<p><strong>\u00bfPara qu\u00e9 vamos a usar sus datos?<\/strong><\/p>\n<p>Con car\u00e1cter general, sus datos personales ser\u00e1n usados para poder relacionarnos con usted y poder prestarle nuestros servicios.<\/p>\n<p>Asimismo, tambi\u00e9n pueden ser usados para otras actividades, como enviarle publicidad o promocionar nuestras actividades.<\/p>\n<p><strong>\u00bfPor qu\u00e9 necesitamos usar sus datos?<\/strong><\/p>\n<p>Sus datos personales son necesarios para poder relacionarnos con usted y poder prestarle nuestros servicios, lo que nos permite el uso de su informaci\u00f3n dentro de la legalidad.<\/p>\n<p>No obstante, hay determinadas situaciones en las cuales necesitaremos su permiso previo para poder realizar determinadas actividades, como poder enviarle publicidad o publicar su imagen en Internet. Para ello, ponemos a su disposici\u00f3n una serie de casillas que le permitir\u00e1n decidir de manera clara y sencilla sobre el uso de su informaci\u00f3n personal.\u00a0<a href=\"https:\/\/www.colegionewman.org\/16-consentimiento-explicito-para-el-tratamiento-de-imagenes\/\">Formulario de consentimiento expl\u00edcito para el tratamiento de im\u00e1genes<\/a><\/p>\n<p>Trataremos sus datos con las siguientes finalidades:<\/p>\n<ul>\n<li>Gestionar la relaci\u00f3n del alumno\/a y sus familiares con el Colegio Newman.<\/li>\n<li>Gestionar el cobro de la matr\u00edcula y otras mensualidades correspondientes mediante recibo domiciliado u otras formas de pago permitidas a trav\u00e9s de entidad financiera.<\/li>\n<li>Conocer, en su caso, datos de salud del alumno\/a que permitan actuar con prontitud y diligencia (alergias, patolog\u00edas cr\u00f3nicas, intolerancia a determinados alimentos, medicaci\u00f3n cr\u00f3nica, intolerancia a medicamentos etc.).<\/li>\n<li>Tratar los datos de salud del alumno\/a necesarios para la evoluci\u00f3n del mismo en su etapa educativa dentro de la labor que desempe\u00f1a el Departamento de Orientaci\u00f3n.<\/li>\n<li>Organizar actividades educativas, deportivas y l\u00fadicas como visitas a museos o excursiones a lugares de inter\u00e9s cultural, cient\u00edfico o hist\u00f3rico.<\/li>\n<li>Dar difusi\u00f3n en p\u00e1gina web y redes sociales de los v\u00eddeos e im\u00e1genes recogidos de los alumno\/as y familiares.<\/li>\n<li>Realizar las pruebas de evaluaci\u00f3n psicopedag\u00f3gicas y pruebas de aptitud que se estimen convenientes, con la documentaci\u00f3n recibida por parte de los familiares y con la documentaci\u00f3n generada por el Departamento de Orientaci\u00f3n, con el fin de poder orientar y elaborar un informe diagn\u00f3stico acorde a cada alumno\/a.<\/li>\n<li>Conocer, en su caso, datos de salud del alumno\/a que permitan actuar con prontitud y diligencia (alergias, patolog\u00edas cr\u00f3nicas, intolerancia a determinados alimentos, medicaci\u00f3n cr\u00f3nica, intolerancia a medicamentos, etc.).<\/li>\n<li>Gestionar los servicios solicitados, tales servicios de comedor, de ampliaci\u00f3n de horario o actividades extraescolares.<\/li>\n<li>Realizar todos aquellos tr\u00e1mites administrativos, fiscales y contables necesarios para cumplir con nuestros compromisos contractuales y obligaciones fiscales y contables.<\/li>\n<li>Tramitar encargos, solicitudes de informaci\u00f3n o cualquier tipo de petici\u00f3n que sea realizada por el usuario a trav\u00e9s de la p\u00e1gina web.<\/li>\n<\/ul>\n<p><b>\u00bfCu\u00e1l es la base de legitimaci\u00f3n para el tratamiento de los datos?<\/b><\/p>\n<p>Para gestionar el servicio educativo prestado por Colegio Newman, basamos la legitimidad del tratamiento de datos en la ejecuci\u00f3n de un contrato de prestaci\u00f3n de servicios.<\/p>\n<p>Para dar difusi\u00f3n en p\u00e1gina web y redes sociales de los v\u00eddeos e im\u00e1genes recogidos de los alumno\/as y familiares, basamos la legitimidad del tratamiento de datos en el consentimiento del interesado.<\/p>\n<p>Para tramitar encargos, solicitudes de informaci\u00f3n o cualquier tipo de petici\u00f3n que sea realizada por el usuario a trav\u00e9s de la p\u00e1gina web, basamos la legitimidad del tratamiento de datos en el consentimiento del interesado.<\/p>\n<p>Para gestionar los servicios solicitados, tales servicios de comedor, de ampliaci\u00f3n de horario o actividades extraescolares, basamos la legitimidad del tratamiento de datos en la ejecuci\u00f3n de un contrato de prestaci\u00f3n de servicios.<\/p>\n<p><strong>\u00bfQui\u00e9n va a conocer la informaci\u00f3n que le pedimos?<\/strong><\/p>\n<p>Con car\u00e1cter general, s\u00f3lo el personal de nuestra entidad que est\u00e9 debidamente autorizado podr\u00e1 tener conocimiento de la informaci\u00f3n que le pedimos.<\/p>\n<p>De igual modo, podr\u00e1n tener conocimiento de su informaci\u00f3n personal aquellas entidades que necesiten tener acceso a la misma para que podamos prestarle nuestros servicios. As\u00ed por ejemplo,<\/p>\n<ul>\n<li>Nuestro banco conocer\u00e1 sus datos si el pago de nuestros servicios se realiza mediante tarjeta o transferencia bancaria.<\/li>\n<li>Ministerio de Educaci\u00f3n y Consejer\u00eda de Educaci\u00f3n de acuerdo a la legislaci\u00f3n vigente.<\/li>\n<li>Cuando sea requerido por la Agencia Estatal de la Administraci\u00f3n Tributaria, aquellos datos relacionados con el cobro de la matr\u00edcula.<\/li>\n<li>Agencias de viaje para la organizaci\u00f3n de viajes y compa\u00f1\u00edas aseguradoras para la contrataci\u00f3n de seguros (accidentes, viajes), a entidades p\u00fablicas y\/o privadas para el control de asistencia de los alumno\/as en excursiones y actividades an\u00e1logas.<\/li>\n<li>Entidades visitadas o encargadas de la organizaci\u00f3n cuando el alumno\/a participe en salidas, excursiones y visitas a terceras entidades p\u00fablicas o privadas.<\/li>\n<li>Empresas de prestaci\u00f3n de servicios de comedor cuando el alumno utilice dicho servicio en nuestro centro.<\/li>\n<li>Empresas especializadas en actividades extraescolares, cuando el alumno utilice dicho servicio en nuestro centro.<\/li>\n<\/ul>\n<p>En el supuesto de que nos haya dado su consentimiento para el tratamiento de im\u00e1genes del alumno\/a u otras informaciones referidas a este y relacionadas con las actividades y talleres en los que participe, se divulgar\u00e1n en los diferentes canales de comunicaci\u00f3n del Colegio Newman.<\/p>\n<p>A tal efecto, recomendamos la revisi\u00f3n de la pol\u00edtica de privacidad de las principales redes sociales utilizadas por la entidad:<\/p>\n<p><b>Twitter:<\/b>\u00a0La red social al ser norteamericana puede transferir datos a Estados Unidos por lo que le recomendamos conocer su pol\u00edtica de privacidad.<\/p>\n<p><b>Facebook:<\/b>\u00a0La red social al ser norteamericana puede transferir datos a Estados Unidos por lo que le recomendamos conocer su pol\u00edtica de privacidad.<\/p>\n<p><b>Instagram:<\/b>\u00a0La red social al ser norteamericana puede transferir datos a Estados Unidos por lo que le recomendamos conocer su pol\u00edtica de privacidad.<\/p>\n<p><b>YouTube:<\/b>\u00a0La red social al ser norteamericana puede transferir datos a Estados Unidos por lo que le recomendamos conocer su pol\u00edtica de privacidad.<\/p>\n<p>En el caso de que, al margen de los supuestos comentados, necesitemos dar a conocer su informaci\u00f3n personal a otras entidades, le solicitaremos previamente su permiso a trav\u00e9s de opciones claras que le permitir\u00e1n decidir a este respecto..<\/p>\n<p><strong>Cookies<\/strong><\/p>\n<p>Las cookies son peque\u00f1os archivos almacenados en tu ordenador para facilitar el uso del sitio, realizar an\u00e1lisis estad\u00edsticos del comportamiento de los usuarios, y proteger contra el abuso (\u00abspam\u00bb) en el uso de los formularios de contacto. Esto puede incluir cookies de terceras partes, incluyendo las redes sociales antes mencionadas, y Google para los an\u00e1lisis estad\u00edsticos y protecci\u00f3n anti spam, por lo que recomendamos revisar su pol\u00edtica de privacidad y t\u00e9rminos de uso. Al navegar en nuestro sitio, aceptas el uso de cookies.<\/p>\n<p><strong>\u00bfC\u00f3mo vamos a proteger sus datos?<\/strong><\/p>\n<p>Protegeremos sus datos con medidas de seguridad eficaces en funci\u00f3n de los riesgos que conlleve el uso de su informaci\u00f3n. Para ello, nuestra entidad ha aprobado una Pol\u00edtica de Protecci\u00f3n de Datos y se realizan controles y auditor\u00edas anuales para verificar que sus datos personales est\u00e1n seguros en todo momento.<\/p>\n<p><strong>\u00bfEnviaremos sus datos a otros pa\u00edses?<\/strong><\/p>\n<p>En el mundo hay pa\u00edses que son seguros para sus datos y otros que no lo son tanto. As\u00ed por ejemplo, la Uni\u00f3n Europea es un entorno seguro para sus datos. Nuestra pol\u00edtica es no enviar su informaci\u00f3n personal a ning\u00fan pa\u00eds que no sea seguro desde el punto de vista de la protecci\u00f3n de sus datos.<\/p>\n<p>En el caso de que, con motivo de prestarle el servicio, sea imprescindible enviar sus datos a un pa\u00eds que no sea tan seguro como Espa\u00f1a, siempre le solicitaremos previamente su permiso y aplicaremos medidas de seguridad eficaces que reduzcan los riesgos del env\u00edo de su informaci\u00f3n personal a otro pa\u00eds.<\/p>\n<p><strong>\u00bfDurante cu\u00e1nto tiempo vamos a conservar sus datos?<\/strong><\/p>\n<p>Conservaremos sus datos durante nuestra relaci\u00f3n y mientras nos obliguen las leyes, y mientras no revoque su consentimiento o no nos solicite su supresi\u00f3n<\/p>\n<p>Una vez finalizados los plazos legales aplicables, procederemos a eliminarlos de forma segura y respetuosa con el medio ambiente.<\/p>\n<p>Ejemplo del tiempo de conservaci\u00f3n de sus datos:<\/p>\n<ul>\n<li>Mientras dure la escolarizaci\u00f3n del alumno\/a o mientras dure la prestaci\u00f3n del servicio solicitado<\/li>\n<li>Finalizada la escolarizaci\u00f3n, el expediente acad\u00e9mico del alumno\/a se conservar\u00e1 durante el plazo necesario establecido en la legislaci\u00f3n vigente.<\/li>\n<li>En los supuestos de traslado a otro Centro, el expediente del alumno\/a se remitir\u00e1 al Centro escolar de acogida indicado.<\/li>\n<li>Los datos tratados para el env\u00edo de informaciones acerca de otras actividades organizadas por el Colegio Newman ser\u00e1n conservados hasta que revoque el consentimiento que nos haya otorgado.<\/li>\n<li>Las im\u00e1genes publicadas en las redes sociales y p\u00e1gina web del Colegio Newman se conservar\u00e1n hasta que solicite la supresi\u00f3n de las mismas<\/li>\n<\/ul>\n<p><strong>\u00bfCu\u00e1les son sus derechos de protecci\u00f3n de datos?<\/strong><\/p>\n<p>En cualquier momento puede dirigirse a nosotros para saber qu\u00e9 informaci\u00f3n tenemos sobre usted, rectificarla si fuese incorrecta y eliminarla una vez finalizada nuestra relaci\u00f3n, en el caso de que ello sea legalmente posible.<\/p>\n<p>Tambi\u00e9n tiene derecho a solicitar el traspaso de su informaci\u00f3n a otra entidad. Este derecho se llama \u201cportabilidad\u201d y puede ser \u00fatil en determinadas situaciones.<\/p>\n<p>Para solicitar alguno de estos derechos, deber\u00e1 realizar una solicitud escrita a nuestra direcci\u00f3n, junto con una fotocopia de su DNI, para poder identificarle.<\/p>\n<p>En las oficinas de nuestra entidad disponemos de formularios espec\u00edficos para solicitar dichos derechos y le ofrecemos nuestra ayuda para su cumplimentaci\u00f3n.<\/p>\n<p>Para saber m\u00e1s sobre sus derechos de protecci\u00f3n de datos, puede consultar la p\u00e1gina web de la Agencia Espa\u00f1ola de Protecci\u00f3n de Datos (www.agpd.es).<\/p>\n<p><strong>\u00bfPuede retirar su consentimiento si cambia de opini\u00f3n en un momento posterior?<\/strong><\/p>\n<p>Usted puede retirar su consentimiento si cambia de opini\u00f3n sobre el uso de sus datos en cualquier momento. As\u00ed por ejemplo, si usted en su d\u00eda estuvo interesado\/a en recibir publicidad de nuestros productos o servicios, pero ya no desea recibir m\u00e1s publicidad, puede hac\u00e9rnoslo constar a trav\u00e9s del formulario de oposici\u00f3n al tratamiento disponible en las oficinas de nuestra entidad.<\/p>\n<p><strong>En caso de que entienda que sus derechos han sido desatendidos, \u00bfd\u00f3nde puede formular una reclamaci\u00f3n?<\/strong><\/p>\n<p>En caso de que entienda que sus derechos han sido desatendidos por nuestra entidad, puede formular una reclamaci\u00f3n en la Agencia Espa\u00f1ola de Protecci\u00f3n de Datos, a trav\u00e9s de alguno de los medios siguientes:<\/p>\n<ul>\n<li>Sede electr\u00f3nica: www.agpd.es<\/li>\n<li>Direcci\u00f3n postal:<\/li>\n<\/ul>\n<p>Agencia Espa\u00f1ola de Protecci\u00f3n de Datos<\/p>\n<p>C\/ Jorge Juan, 6<\/p>\n<p>28001\u00a0\u2013 Madrid<\/p>\n<ul>\n<li>Via telef\u00f3nica:<\/li>\n<\/ul>\n<p>Telf. 901 100 099<\/p>\n<p>Telf. 91 266 35 17<\/p>\n<p>Formular una reclamaci\u00f3n en la Agencia Espa\u00f1ola de Protecci\u00f3n de Datos no conlleva ning\u00fan coste y no es necesaria la asistencia de abogado ni procurador.<\/p>\n<p><strong>\u00bfElaboraremos perfiles sobre usted?<\/strong><\/p>\n<p>Nuestra pol\u00edtica es no elaborar perfiles sobre los usuarios de nuestros servicios.<\/p>\n<p><strong>\u00bfUsaremos sus datos para otros fines?<\/strong><\/p>\n<p>Nuestra pol\u00edtica es no usar sus datos para otras finalidades distintas a las que le hemos explicado. Si necesit\u00e1semos usar sus datos para actividades distintas, siempre le solicitaremos previamente su permiso a trav\u00e9s de opciones claras que le permitir\u00e1n decidir al respecto.<\/p>\n<\/div><\/section>\n","protected":false},"excerpt":{"rendered":"","protected":false},"author":1,"featured_media":0,"parent":0,"menu_order":0,"comment_status":"closed","ping_status":"open","template":"","meta":{"footnotes":""},"class_list":["post-3","page","type-page","status-publish","hentry"],"yoast_head":"<!-- This site is optimized with the Yoast SEO plugin v27.3 - https:\/\/yoast.com\/product\/yoast-seo-wordpress\/ -->\n<title>Pol\u00edtica de privacidad del Colegio Newman<\/title>\n<meta name=\"description\" content=\"Pol\u00edtica de privacidad del Colegio Newman, comprometido con la protecci\u00f3n de datos como colegio concertado Madrid.\" \/>\n<meta name=\"robots\" content=\"noindex, nofollow\" \/>\n<meta property=\"og:locale\" content=\"es_ES\" \/>\n<meta property=\"og:type\" content=\"article\" \/>\n<meta property=\"og:title\" content=\"Pol\u00edtica de privacidad del Colegio Newman\" \/>\n<meta property=\"og:description\" content=\"Pol\u00edtica de privacidad del Colegio Newman, comprometido con la protecci\u00f3n de datos como colegio concertado Madrid.\" \/>\n<meta property=\"og:url\" content=\"https:\/\/www.colegionewman.org\/es_es\/politica-privacidad\/\" \/>\n<meta property=\"og:site_name\" content=\"Colegio Internacional J.H. Newman\" \/>\n<meta property=\"article:modified_time\" content=\"2024-01-20T17:25:43+00:00\" \/>\n<meta property=\"og:image\" content=\"https:\/\/www.colegionewman.org\/wp-content\/uploads\/Logo-Newman-1.png\" \/>\n\t<meta property=\"og:image:width\" content=\"3385\" \/>\n\t<meta property=\"og:image:height\" content=\"1509\" \/>\n\t<meta property=\"og:image:type\" content=\"image\/png\" \/>\n<meta name=\"twitter:card\" content=\"summary_large_image\" \/>\n<meta name=\"twitter:label1\" content=\"Tiempo de lectura\" \/>\n\t<meta name=\"twitter:data1\" content=\"10 minutos\" \/>\n<script type=\"application\/ld+json\" class=\"yoast-schema-graph\">{\"@context\":\"https:\\\/\\\/schema.org\",\"@graph\":[{\"@type\":\"WebPage\",\"@id\":\"https:\\\/\\\/www.colegionewman.org\\\/politica-privacidad\\\/\",\"url\":\"https:\\\/\\\/www.colegionewman.org\\\/politica-privacidad\\\/\",\"name\":\"Pol\u00edtica de privacidad del Colegio Newman\",\"isPartOf\":{\"@id\":\"https:\\\/\\\/www.colegionewman.org\\\/#website\"},\"datePublished\":\"2023-12-18T12:22:25+00:00\",\"dateModified\":\"2024-01-20T17:25:43+00:00\",\"description\":\"Pol\u00edtica de privacidad del Colegio Newman, comprometido con la protecci\u00f3n de datos como colegio concertado Madrid.\",\"breadcrumb\":{\"@id\":\"https:\\\/\\\/www.colegionewman.org\\\/politica-privacidad\\\/#breadcrumb\"},\"inLanguage\":\"es\",\"potentialAction\":[{\"@type\":\"ReadAction\",\"target\":[\"https:\\\/\\\/www.colegionewman.org\\\/politica-privacidad\\\/\"]}]},{\"@type\":\"BreadcrumbList\",\"@id\":\"https:\\\/\\\/www.colegionewman.org\\\/politica-privacidad\\\/#breadcrumb\",\"itemListElement\":[{\"@type\":\"ListItem\",\"position\":1,\"name\":\"Portada\",\"item\":\"https:\\\/\\\/www.colegionewman.org\\\/\"},{\"@type\":\"ListItem\",\"position\":2,\"name\":\"POL\u00cdTICA DE PRIVACIDAD\"}]},{\"@type\":\"WebSite\",\"@id\":\"https:\\\/\\\/www.colegionewman.org\\\/#website\",\"url\":\"https:\\\/\\\/www.colegionewman.org\\\/\",\"name\":\"Colegio Internacional J.H. Newman\",\"description\":\"Un colegio que te abre al mundo\",\"publisher\":{\"@id\":\"https:\\\/\\\/www.colegionewman.org\\\/#organization\"},\"alternateName\":\"Colegio Newman\",\"potentialAction\":[{\"@type\":\"SearchAction\",\"target\":{\"@type\":\"EntryPoint\",\"urlTemplate\":\"https:\\\/\\\/www.colegionewman.org\\\/?s={search_term_string}\"},\"query-input\":{\"@type\":\"PropertyValueSpecification\",\"valueRequired\":true,\"valueName\":\"search_term_string\"}}],\"inLanguage\":\"es\"},{\"@type\":\"Organization\",\"@id\":\"https:\\\/\\\/www.colegionewman.org\\\/#organization\",\"name\":\"Colegio Internacional J.H. Newman\",\"alternateName\":\"Colegio Newman\",\"url\":\"https:\\\/\\\/www.colegionewman.org\\\/\",\"logo\":{\"@type\":\"ImageObject\",\"inLanguage\":\"es\",\"@id\":\"https:\\\/\\\/www.colegionewman.org\\\/#\\\/schema\\\/logo\\\/image\\\/\",\"url\":\"https:\\\/\\\/www.colegionewman.org\\\/wp-content\\\/uploads\\\/logo_mini_newman_Mesa-de-trabajo-1.png\",\"contentUrl\":\"https:\\\/\\\/www.colegionewman.org\\\/wp-content\\\/uploads\\\/logo_mini_newman_Mesa-de-trabajo-1.png\",\"width\":750,\"height\":750,\"caption\":\"Colegio Internacional J.H. Newman\"},\"image\":{\"@id\":\"https:\\\/\\\/www.colegionewman.org\\\/#\\\/schema\\\/logo\\\/image\\\/\"},\"sameAs\":[\"https:\\\/\\\/www.instagram.com\\\/colegiojhnewman\\\/\",\"https:\\\/\\\/www.youtube.com\\\/channel\\\/UCUEVCANGRsznbp-DRfSrexw\",\"https:\\\/\\\/www.linkedin.com\\\/company\\\/colegio-internacional-jh-newman\"]}]}<\/script>\n<!-- \/ Yoast SEO plugin. -->","yoast_head_json":{"title":"Pol\u00edtica de privacidad del Colegio Newman","description":"Pol\u00edtica de privacidad del Colegio Newman, comprometido con la protecci\u00f3n de datos como colegio concertado Madrid.","robots":{"index":"noindex","follow":"nofollow"},"og_locale":"es_ES","og_type":"article","og_title":"Pol\u00edtica de privacidad del Colegio Newman","og_description":"Pol\u00edtica de privacidad del Colegio Newman, comprometido con la protecci\u00f3n de datos como colegio concertado Madrid.","og_url":"https:\/\/www.colegionewman.org\/es_es\/politica-privacidad\/","og_site_name":"Colegio Internacional J.H. Newman","article_modified_time":"2024-01-20T17:25:43+00:00","og_image":[{"width":3385,"height":1509,"url":"https:\/\/www.colegionewman.org\/wp-content\/uploads\/Logo-Newman-1.png","type":"image\/png"}],"twitter_card":"summary_large_image","twitter_misc":{"Tiempo de lectura":"10 minutos"},"schema":{"@context":"https:\/\/schema.org","@graph":[{"@type":"WebPage","@id":"https:\/\/www.colegionewman.org\/politica-privacidad\/","url":"https:\/\/www.colegionewman.org\/politica-privacidad\/","name":"Pol\u00edtica de privacidad del Colegio Newman","isPartOf":{"@id":"https:\/\/www.colegionewman.org\/#website"},"datePublished":"2023-12-18T12:22:25+00:00","dateModified":"2024-01-20T17:25:43+00:00","description":"Pol\u00edtica de privacidad del Colegio Newman, comprometido con la protecci\u00f3n de datos como colegio concertado Madrid.","breadcrumb":{"@id":"https:\/\/www.colegionewman.org\/politica-privacidad\/#breadcrumb"},"inLanguage":"es","potentialAction":[{"@type":"ReadAction","target":["https:\/\/www.colegionewman.org\/politica-privacidad\/"]}]},{"@type":"BreadcrumbList","@id":"https:\/\/www.colegionewman.org\/politica-privacidad\/#breadcrumb","itemListElement":[{"@type":"ListItem","position":1,"name":"Portada","item":"https:\/\/www.colegionewman.org\/"},{"@type":"ListItem","position":2,"name":"POL\u00cdTICA DE PRIVACIDAD"}]},{"@type":"WebSite","@id":"https:\/\/www.colegionewman.org\/#website","url":"https:\/\/www.colegionewman.org\/","name":"Colegio Internacional J.H. Newman","description":"Un colegio que te abre al mundo","publisher":{"@id":"https:\/\/www.colegionewman.org\/#organization"},"alternateName":"Colegio Newman","potentialAction":[{"@type":"SearchAction","target":{"@type":"EntryPoint","urlTemplate":"https:\/\/www.colegionewman.org\/?s={search_term_string}"},"query-input":{"@type":"PropertyValueSpecification","valueRequired":true,"valueName":"search_term_string"}}],"inLanguage":"es"},{"@type":"Organization","@id":"https:\/\/www.colegionewman.org\/#organization","name":"Colegio Internacional J.H. Newman","alternateName":"Colegio Newman","url":"https:\/\/www.colegionewman.org\/","logo":{"@type":"ImageObject","inLanguage":"es","@id":"https:\/\/www.colegionewman.org\/#\/schema\/logo\/image\/","url":"https:\/\/www.colegionewman.org\/wp-content\/uploads\/logo_mini_newman_Mesa-de-trabajo-1.png","contentUrl":"https:\/\/www.colegionewman.org\/wp-content\/uploads\/logo_mini_newman_Mesa-de-trabajo-1.png","width":750,"height":750,"caption":"Colegio Internacional J.H. Newman"},"image":{"@id":"https:\/\/www.colegionewman.org\/#\/schema\/logo\/image\/"},"sameAs":["https:\/\/www.instagram.com\/colegiojhnewman\/","https:\/\/www.youtube.com\/channel\/UCUEVCANGRsznbp-DRfSrexw","https:\/\/www.linkedin.com\/company\/colegio-internacional-jh-newman"]}]}},"_links":{"self":[{"href":"https:\/\/www.colegionewman.org\/es_es\/wp-json\/wp\/v2\/pages\/3","targetHints":{"allow":["GET"]}}],"collection":[{"href":"https:\/\/www.colegionewman.org\/es_es\/wp-json\/wp\/v2\/pages"}],"about":[{"href":"https:\/\/www.colegionewman.org\/es_es\/wp-json\/wp\/v2\/types\/page"}],"author":[{"embeddable":true,"href":"https:\/\/www.colegionewman.org\/es_es\/wp-json\/wp\/v2\/users\/1"}],"replies":[{"embeddable":true,"href":"https:\/\/www.colegionewman.org\/es_es\/wp-json\/wp\/v2\/comments?post=3"}],"version-history":[{"count":2,"href":"https:\/\/www.colegionewman.org\/es_es\/wp-json\/wp\/v2\/pages\/3\/revisions"}],"predecessor-version":[{"id":1746,"href":"https:\/\/www.colegionewman.org\/es_es\/wp-json\/wp\/v2\/pages\/3\/revisions\/1746"}],"wp:attachment":[{"href":"https:\/\/www.colegionewman.org\/es_es\/wp-json\/wp\/v2\/media?parent=3"}],"curies":[{"name":"wp","href":"https:\/\/api.w.org\/{rel}","templated":true}]}}