{"id":1097,"date":"2024-01-04T13:20:24","date_gmt":"2024-01-04T12:20:24","guid":{"rendered":"https:\/\/www.colegionewman.org\/?page_id=1097"},"modified":"2024-01-20T18:04:32","modified_gmt":"2024-01-20T17:04:32","slug":"aviso-legal","status":"publish","type":"page","link":"https:\/\/www.colegionewman.org\/es_es\/aviso-legal\/","title":{"rendered":"AVISO LEGAL"},"content":{"rendered":"<div  class='hr av-4todq1-284564a8b1a0f5940d4ada4376c6705f hr-default  avia-builder-el-0  el_before_av_heading  avia-builder-el-first '><span class='hr-inner '><span class=\"hr-inner-style\"><\/span><\/span><\/div>\n\n<style type=\"text\/css\" data-created_by=\"avia_inline_auto\" id=\"style-css-av-lqz6eo4o-5605a22b6f8e713b7ff6036787ed9ced\">\n#top .av-special-heading.av-lqz6eo4o-5605a22b6f8e713b7ff6036787ed9ced{\npadding-bottom:10px;\n}\nbody .av-special-heading.av-lqz6eo4o-5605a22b6f8e713b7ff6036787ed9ced .av-special-heading-tag .heading-char{\nfont-size:25px;\n}\n.av-special-heading.av-lqz6eo4o-5605a22b6f8e713b7ff6036787ed9ced .av-subheading{\nfont-size:15px;\n}\n<\/style>\n<div  class='av-special-heading av-lqz6eo4o-5605a22b6f8e713b7ff6036787ed9ced av-special-heading-h1 blockquote modern-quote  avia-builder-el-1  el_after_av_hr  el_before_av_hr '><h1 class='av-special-heading-tag'  itemprop=\"headline\"  >AVISO LEGAL<\/h1><div class=\"special-heading-border\"><div class=\"special-heading-inner-border\"><\/div><\/div><\/div>\n<div  class='hr av-1tozqh-e2ba99d64194f40edef736f8a6bc4714 hr-default  avia-builder-el-2  el_after_av_heading  el_before_av_textblock '><span class='hr-inner '><span class=\"hr-inner-style\"><\/span><\/span><\/div>\n<section  class='av_textblock_section av-lqz6dfps-5b249c45be249b4c8f0e815cc38031df '   itemscope=\"itemscope\" itemtype=\"https:\/\/schema.org\/CreativeWork\" ><div class='avia_textblock'  itemprop=\"text\" ><p><b>LEY DE LOS SERVICIOS DE LA SOCIEDAD DE LA INFORMACI\u00d3N (LSSI)\u00a0<\/b><\/p>\n<p><span style=\"font-weight: 400;\">Fundaci\u00f3n Internacional de Educaci\u00f3n, <\/span><span style=\"font-weight: 400;\">responsable del sitio web, en adelante RESPONSABLE, pone a\u00a0 disposici\u00f3n de los usuarios el presente documento, con el que pretende dar cumplimiento a las\u00a0 obligaciones dispuestas en la Ley 34\/2002, de 11 de julio, de Servicios de la Sociedad de la\u00a0 Informaci\u00f3n y de Comercio Electr\u00f3nico (LSSICE), BOE N \u00ba 166, as\u00ed como informar a todos los usuarios\u00a0 del sitio web respecto a cu\u00e1les son las condiciones de uso.\u00a0<\/span><\/p>\n<p><span style=\"font-weight: 400;\">Toda persona que acceda a este sitio web asume el papel de usuario, comprometi\u00e9ndose a la\u00a0 observancia y cumplimiento riguroso de las disposiciones aqu\u00ed dispuestas, as\u00ed como a cualquier otra\u00a0 disposici\u00f3n legal que fuera de aplicaci\u00f3n.\u00a0\u00a0<\/span><\/p>\n<p><span style=\"font-weight: 400;\">El RESPONSABLE se reserva el derecho de modificar cualquier tipo de informaci\u00f3n que pudiera\u00a0 aparecer en el sitio web, sin que exista obligaci\u00f3n de preavisar o poner en conocimiento de los\u00a0 usuarios dichas obligaciones, entendi\u00e9ndose como suficiente con la publicaci\u00f3n en el sitio web del\u00a0 RESPONSABLE.\u00a0<\/span><\/p>\n<ol>\n<li><b> DATOS IDENTIFICATIVOS\u00a0<\/b><\/li>\n<\/ol>\n<ul>\n<li><b>Nombre de dominio<\/b><span style=\"font-weight: 400;\">: colegionewman.org\u00a0<\/span><\/li>\n<li><b>Nombre comercial<\/b><span style=\"font-weight: 400;\">: Colegio Internacional JH Newman\u00a0<\/span><\/li>\n<li><b>Denominaci\u00f3n social<\/b><span style=\"font-weight: 400;\">: <\/span><span style=\"font-weight: 400;\">Fundaci\u00f3n Internacional de Educaci\u00f3n<\/span><span style=\"font-weight: 400;\">.\u00a0<\/span><\/li>\n<li><b>NIF<\/b><span style=\"font-weight: 400;\">: G82822958\u00a0<\/span><\/li>\n<li><b>Domicilio social<\/b><span style=\"font-weight: 400;\">: <\/span><span style=\"font-weight: 400;\">Fundaci\u00f3n Internacional de Educaci\u00f3n &#8211; Avda. de Guadalajara 28, 28032 Madrid\u00a0<\/span><\/li>\n<li><b>Tel\u00e9fono<\/b><span style=\"font-weight: 400;\">: 917609184\u00a0<\/span><\/li>\n<li><b>e-mail<\/b><span style=\"font-weight: 400;\">: secretaria@colegionewman.org\u00a0<\/span><\/li>\n<li><b>Inscrita <\/b><span style=\"font-weight: 400;\">en el Registro de Fundaciones de la Comunidad de Madrid, con n\u00famero de Hoja\u00a0 Personal 248 en el Tomo XXVIII, folios 201 y siguientes\u00a0<\/span><\/li>\n<\/ul>\n<ol start=\"2\">\n<li><b> DERECHOS DE PROPIEDAD INTELECTUAL E INDUSTRIAL\u00a0<\/b><\/li>\n<\/ol>\n<p><span style=\"font-weight: 400;\">El sitio web, incluyendo a t\u00edtulo enunciativo pero no limitativo su programaci\u00f3n, edici\u00f3n, compilaci\u00f3n\u00a0 y dem\u00e1s elementos necesarios para su funcionamiento, los dise\u00f1os, logotipos, texto y\/o gr\u00e1ficos, son\u00a0 propiedad del RESPONSABLE o, si es el caso, dispone de licencia o autorizaci\u00f3n expresa por parte de\u00a0 los autores. Todos los contenidos del sitio web se encuentran debidamente protegidos por la\u00a0 normativa de propiedad intelectual e industrial, as\u00ed como inscritos en los registros p\u00fablicos\u00a0 correspondientes.\u00a0\u00a0<\/span><\/p>\n<p><span style=\"font-weight: 400;\">Independientemente de la finalidad para la que fueran destinados, la reproducci\u00f3n total o parcial,\u00a0 uso, explotaci\u00f3n, distribuci\u00f3n y comercializaci\u00f3n, requiere en todo caso de la autorizaci\u00f3n escrita\u00a0 previa por parte del RESPONSABLE. Cualquier uso no autorizado previamente se considera un\u00a0 incumplimiento grave de los derechos de propiedad intelectual o industrial del autor.\u00a0\u00a0<\/span><\/p>\n<p><span style=\"font-weight: 400;\">Los dise\u00f1os, logotipos, texto y\/o gr\u00e1ficos ajenos al RESPONSABLE y que pudieran aparecer en el sitio\u00a0 web, pertenecen a sus respectivos propietarios, siendo ellos mismos responsables de cualquier\u00a0 posible controversia que pudiera suscitarse respecto a los mismos. El RESPONSABLE autoriza\u00a0 expresamente a que terceros puedan redirigir directamente a los contenidos concretos del sitio web,\u00a0 y en todo caso redirigir al sitio web principal de colegionewman.org\u00a0<\/span><\/p>\n<p><span style=\"font-weight: 400;\">El RESPONSABLE reconoce a favor de sus titulares los correspondientes derechos de propiedad\u00a0 intelectual e industrial, no implicando su sola menci\u00f3n o aparici\u00f3n en el sitio web la existencia de\u00a0<\/span><\/p>\n<p><span style=\"font-weight: 400;\">derechos o responsabilidad alguna sobre los mismos, como tampoco respaldo, patrocinio o\u00a0 recomendaci\u00f3n por parte del mismo.\u00a0<\/span><\/p>\n<p><span style=\"font-weight: 400;\">Para realizar cualquier tipo de observaci\u00f3n respecto a posibles incumplimientos de los derechos de\u00a0 propiedad intelectual o industrial, as\u00ed como sobre cualquiera de los contenidos del sitio web, puede\u00a0 hacerlo a trav\u00e9s del correo electr\u00f3nico secretaria@colegionewman.org.\u00a0<\/span><\/p>\n<ol start=\"3\">\n<li><b> EXENCI\u00d3N DE RESPONSABILIDADES\u00a0<\/b><\/li>\n<\/ol>\n<p><span style=\"font-weight: 400;\">El RESPONSABLE se exime de cualquier tipo de responsabilidad derivada de la informaci\u00f3n publicada\u00a0 en su sitio web siempre que esta informaci\u00f3n haya sido manipulada o introducida por un tercero\u00a0 ajeno al mismo.\u00a0<\/span><\/p>\n<p><b>Uso de Cookies\u00a0<\/b><\/p>\n<p><span style=\"font-weight: 400;\">Este sitio web puede utilizar cookies t\u00e9cnicas (peque\u00f1os archivos de informaci\u00f3n que el servidor\u00a0 env\u00eda al ordenador de quien accede a la p\u00e1gina) para llevar a cabo determinadas funciones que son\u00a0 consideradas imprescindibles para el correcto funcionamiento y visualizaci\u00f3n del sitio. Las cookies\u00a0 utilizadas tienen, en todo caso, car\u00e1cter temporal, con la \u00fanica finalidad de hacer m\u00e1s eficaz la\u00a0 navegaci\u00f3n, y desaparecen al terminar la sesi\u00f3n del usuario. En ning\u00fan caso, estas cookies\u00a0 proporcionan por s\u00ed mismas datos de car\u00e1cter personal y no se utilizar\u00e1n para la recogida de los\u00a0 mismos.\u00a0\u00a0<\/span><\/p>\n<p><span style=\"font-weight: 400;\">Mediante el uso de cookies tambi\u00e9n es posible que el servidor donde se encuentra la web reconozca\u00a0 el navegador utilizado por el usuario con la finalidad de que la navegaci\u00f3n sea m\u00e1s sencilla,\u00a0 permitiendo, por ejemplo, el acceso de los usuarios que se hayan registrado previamente a las \u00e1reas,\u00a0 servicios, promociones o concursos reservados exclusivamente a ellos sin tener que registrarse en\u00a0 cada visita. Tambi\u00e9n se pueden utilizar para medir la audiencia, par\u00e1metros de tr\u00e1fico, controlar el\u00a0 progreso y n\u00famero de entradas, etc, siendo en estos casos cookies prescindibles t\u00e9cnicamente, pero\u00a0 beneficiosas para el usuario. Este sitio web no instalar\u00e1 cookies prescindibles sin el consentimiento\u00a0 previo del usuario.\u00a0<\/span><\/p>\n<p><span style=\"font-weight: 400;\">El usuario tiene la posibilidad de configurar su navegador para ser alertado de la recepci\u00f3n de cookies\u00a0 y para impedir su instalaci\u00f3n en su equipo. Por favor, consulte las instrucciones de su navegador para\u00a0 ampliar esta informaci\u00f3n.\u00a0<\/span><\/p>\n<p><b>Pol\u00edtica de enlaces\u00a0<\/b><\/p>\n<p><span style=\"font-weight: 400;\">Desde el sitio web, es posible que se redirija a contenidos de terceros sitios web. Dado que el\u00a0 RESPONSABLE no puede controlar siempre los contenidos introducidos por los terceros en sus\u00a0 respectivos sitios web, no asume ning\u00fan tipo de responsabilidad respecto a dichos contenidos. En\u00a0 todo caso, proceder\u00e1 a la retirada inmediata de cualquier contenido que pudiera contravenir la\u00a0 legislaci\u00f3n nacional o internacional, la moral o el orden p\u00fablico, procediendo a la retirada inmediata\u00a0 de la redirecci\u00f3n a dicho sitio web, poniendo en conocimiento de las autoridades competentes el\u00a0 contenido en cuesti\u00f3n.\u00a0\u00a0<\/span><\/p>\n<p><span style=\"font-weight: 400;\">El RESPONSABLE no se hace responsable de la informaci\u00f3n y contenidos almacenados, a t\u00edtulo\u00a0 enunciativo pero no limitativo, en foros, chats, generadores de blogs, comentarios, redes sociales o\u00a0 cualquier otro medio que permita a terceros publicar contenidos de forma independiente en la\u00a0 p\u00e1gina web del RESPONSABLE. Sin embargo, y en cumplimiento de lo dispuesto en los art\u00edculos 11 y\u00a0 16 de la LSSICE, se pone a disposici\u00f3n de todos los usuarios, autoridades y fuerzas de seguridad,\u00a0 colaborando de forma activa en la retirada o, en su caso, bloqueo de todos aquellos contenidos que\u00a0 puedan afectar o contravenir la legislaci\u00f3n nacional o internacional, los derechos de terceros o la\u00a0<\/span><\/p>\n<p><span style=\"font-weight: 400;\">moral y el orden p\u00fablico. En caso de que el usuario considere que existe en el sitio web alg\u00fan\u00a0 contenido que pudiera ser susceptible de esta clasificaci\u00f3n, se ruega lo notifique de forma inmediata\u00a0 al administrador del sitio web.\u00a0\u00a0<\/span><\/p>\n<p><span style=\"font-weight: 400;\">Este sitio web ha sido revisado y probado para que funcione correctamente. En principio, puede\u00a0 garantizarse el correcto funcionamiento los 365 d\u00edas del a\u00f1o, 24 horas al d\u00eda. Sin embargo, el\u00a0 RESPONSABLE no descarta la posibilidad de que existan ciertos errores de programaci\u00f3n, o que\u00a0 acontezcan causas de fuerza mayor, cat\u00e1strofes naturales, huelgas o circunstancias semejantes que\u00a0 hagan imposible el acceso a la p\u00e1gina web.\u00a0<\/span><\/p>\n<p><b>Direcciones IP\u00a0<\/b><\/p>\n<p><span style=\"font-weight: 400;\">Los servidores del sitio web podr\u00e1n detectar de manera autom\u00e1tica la direcci\u00f3n IP y el nombre de\u00a0 dominio utilizados por el usuario. Una direcci\u00f3n IP es un n\u00famero asignado autom\u00e1ticamente a un\u00a0 ordenador cuando \u00e9ste se conecta a Internet. Toda esta informaci\u00f3n es registrada en un fichero de\u00a0 actividad del servidor debidamente inscrito que permite el posterior procesamiento de los datos con\u00a0 el fin de obtener mediciones \u00fanicamente estad\u00edsticas que permitan conocer el n\u00famero de\u00a0 impresiones de p\u00e1ginas, el n\u00famero de visitas realizadas a los servidores web, el orden de visitas, el\u00a0 punto de acceso, etc.\u00a0<\/span><\/p>\n<ol start=\"4\">\n<li><b> PRIVACIDAD DE IM\u00c1GENES\u00a0<\/b><\/li>\n<\/ol>\n<p><span style=\"font-weight: 400;\">El Responsable publica algunas im\u00e1genes \u00fanica y exclusivamente con la finalidad de informar de la\u00a0 actividades que ha llevado a cabo Fundaci\u00f3n Internacional de Educaci\u00f3n. Si alguna persona se\u00a0 considera afectada por la publicaci\u00f3n de su imagen y no quiere que se difunda, s\u00f3lo ser\u00e1 necesario\u00a0 que lo transmita por mail a secretaria@colegionewman.org e inmediatamente procederemos a\u00a0 eliminarla.\u00a0<\/span><\/p>\n<p><span style=\"font-weight: 400;\">Est\u00e1 totalmente prohibido que dichas im\u00e1genes se publiquen, divulguen, propaguen o transmitan sin\u00a0 el permiso expreso de Fundaci\u00f3n Internacional de Educaci\u00f3n.\u00a0<\/span><\/p>\n<ol start=\"5\">\n<li><b> LEY APLICABLE Y JURISDICCI\u00d3N\u00a0<\/b><\/li>\n<\/ol>\n<p><span style=\"font-weight: 400;\">Para la resoluci\u00f3n de todas las controversias o cuestiones relacionadas con el presente sitio web o\u00a0 de las actividades en \u00e9l desarrolladas, ser\u00e1 de aplicaci\u00f3n la legislaci\u00f3n espa\u00f1ola, a la que se someten\u00a0 expresamente las partes, siendo competentes para la resoluci\u00f3n de todos los conflictos derivados o\u00a0 relacionados con su uso los Juzgados y Tribunales m\u00e1s cercanos a Madrid.<\/span><\/p>\n<\/div><\/section>\n","protected":false},"excerpt":{"rendered":"","protected":false},"author":1,"featured_media":0,"parent":0,"menu_order":0,"comment_status":"closed","ping_status":"open","template":"","meta":{"footnotes":""},"class_list":["post-1097","page","type-page","status-publish","hentry"],"yoast_head":"<!-- This site is optimized with the Yoast SEO plugin v27.3 - https:\/\/yoast.com\/product\/yoast-seo-wordpress\/ -->\n<title>Aviso legal del Colegio Newman<\/title>\n<meta name=\"description\" content=\"Aviso legal del Colegio Newman con toda la informaci\u00f3n jur\u00eddica y normativa vigente.\" \/>\n<meta name=\"robots\" content=\"noindex, nofollow\" \/>\n<meta property=\"og:locale\" content=\"es_ES\" \/>\n<meta property=\"og:type\" content=\"article\" \/>\n<meta property=\"og:title\" content=\"Aviso legal del Colegio Newman\" \/>\n<meta property=\"og:description\" content=\"Aviso legal del Colegio Newman con toda la informaci\u00f3n jur\u00eddica y normativa vigente.\" \/>\n<meta property=\"og:url\" content=\"https:\/\/www.colegionewman.org\/es_es\/aviso-legal\/\" \/>\n<meta property=\"og:site_name\" content=\"Colegio Internacional J.H. Newman\" \/>\n<meta property=\"article:modified_time\" content=\"2024-01-20T17:04:32+00:00\" \/>\n<meta property=\"og:image\" content=\"https:\/\/www.colegionewman.org\/wp-content\/uploads\/Logo-Newman-1.png\" \/>\n\t<meta property=\"og:image:width\" content=\"3385\" \/>\n\t<meta property=\"og:image:height\" content=\"1509\" \/>\n\t<meta property=\"og:image:type\" content=\"image\/png\" \/>\n<meta name=\"twitter:card\" content=\"summary_large_image\" \/>\n<meta name=\"twitter:label1\" content=\"Tiempo de lectura\" \/>\n\t<meta name=\"twitter:data1\" content=\"7 minutos\" \/>\n<script type=\"application\/ld+json\" class=\"yoast-schema-graph\">{\"@context\":\"https:\\\/\\\/schema.org\",\"@graph\":[{\"@type\":\"WebPage\",\"@id\":\"https:\\\/\\\/www.colegionewman.org\\\/aviso-legal\\\/\",\"url\":\"https:\\\/\\\/www.colegionewman.org\\\/aviso-legal\\\/\",\"name\":\"Aviso legal del Colegio Newman\",\"isPartOf\":{\"@id\":\"https:\\\/\\\/www.colegionewman.org\\\/#website\"},\"datePublished\":\"2024-01-04T12:20:24+00:00\",\"dateModified\":\"2024-01-20T17:04:32+00:00\",\"description\":\"Aviso legal del Colegio Newman con toda la informaci\u00f3n jur\u00eddica y normativa vigente.\",\"breadcrumb\":{\"@id\":\"https:\\\/\\\/www.colegionewman.org\\\/aviso-legal\\\/#breadcrumb\"},\"inLanguage\":\"es\",\"potentialAction\":[{\"@type\":\"ReadAction\",\"target\":[\"https:\\\/\\\/www.colegionewman.org\\\/aviso-legal\\\/\"]}]},{\"@type\":\"BreadcrumbList\",\"@id\":\"https:\\\/\\\/www.colegionewman.org\\\/aviso-legal\\\/#breadcrumb\",\"itemListElement\":[{\"@type\":\"ListItem\",\"position\":1,\"name\":\"Portada\",\"item\":\"https:\\\/\\\/www.colegionewman.org\\\/\"},{\"@type\":\"ListItem\",\"position\":2,\"name\":\"AVISO LEGAL\"}]},{\"@type\":\"WebSite\",\"@id\":\"https:\\\/\\\/www.colegionewman.org\\\/#website\",\"url\":\"https:\\\/\\\/www.colegionewman.org\\\/\",\"name\":\"Colegio Internacional J.H. Newman\",\"description\":\"Un colegio que te abre al mundo\",\"publisher\":{\"@id\":\"https:\\\/\\\/www.colegionewman.org\\\/#organization\"},\"alternateName\":\"Colegio Newman\",\"potentialAction\":[{\"@type\":\"SearchAction\",\"target\":{\"@type\":\"EntryPoint\",\"urlTemplate\":\"https:\\\/\\\/www.colegionewman.org\\\/?s={search_term_string}\"},\"query-input\":{\"@type\":\"PropertyValueSpecification\",\"valueRequired\":true,\"valueName\":\"search_term_string\"}}],\"inLanguage\":\"es\"},{\"@type\":\"Organization\",\"@id\":\"https:\\\/\\\/www.colegionewman.org\\\/#organization\",\"name\":\"Colegio Internacional J.H. Newman\",\"alternateName\":\"Colegio Newman\",\"url\":\"https:\\\/\\\/www.colegionewman.org\\\/\",\"logo\":{\"@type\":\"ImageObject\",\"inLanguage\":\"es\",\"@id\":\"https:\\\/\\\/www.colegionewman.org\\\/#\\\/schema\\\/logo\\\/image\\\/\",\"url\":\"https:\\\/\\\/www.colegionewman.org\\\/wp-content\\\/uploads\\\/logo_mini_newman_Mesa-de-trabajo-1.png\",\"contentUrl\":\"https:\\\/\\\/www.colegionewman.org\\\/wp-content\\\/uploads\\\/logo_mini_newman_Mesa-de-trabajo-1.png\",\"width\":750,\"height\":750,\"caption\":\"Colegio Internacional J.H. Newman\"},\"image\":{\"@id\":\"https:\\\/\\\/www.colegionewman.org\\\/#\\\/schema\\\/logo\\\/image\\\/\"},\"sameAs\":[\"https:\\\/\\\/www.instagram.com\\\/colegiojhnewman\\\/\",\"https:\\\/\\\/www.youtube.com\\\/channel\\\/UCUEVCANGRsznbp-DRfSrexw\",\"https:\\\/\\\/www.linkedin.com\\\/company\\\/colegio-internacional-jh-newman\"]}]}<\/script>\n<!-- \/ Yoast SEO plugin. -->","yoast_head_json":{"title":"Aviso legal del Colegio Newman","description":"Aviso legal del Colegio Newman con toda la informaci\u00f3n jur\u00eddica y normativa vigente.","robots":{"index":"noindex","follow":"nofollow"},"og_locale":"es_ES","og_type":"article","og_title":"Aviso legal del Colegio Newman","og_description":"Aviso legal del Colegio Newman con toda la informaci\u00f3n jur\u00eddica y normativa vigente.","og_url":"https:\/\/www.colegionewman.org\/es_es\/aviso-legal\/","og_site_name":"Colegio Internacional J.H. Newman","article_modified_time":"2024-01-20T17:04:32+00:00","og_image":[{"width":3385,"height":1509,"url":"https:\/\/www.colegionewman.org\/wp-content\/uploads\/Logo-Newman-1.png","type":"image\/png"}],"twitter_card":"summary_large_image","twitter_misc":{"Tiempo de lectura":"7 minutos"},"schema":{"@context":"https:\/\/schema.org","@graph":[{"@type":"WebPage","@id":"https:\/\/www.colegionewman.org\/aviso-legal\/","url":"https:\/\/www.colegionewman.org\/aviso-legal\/","name":"Aviso legal del Colegio Newman","isPartOf":{"@id":"https:\/\/www.colegionewman.org\/#website"},"datePublished":"2024-01-04T12:20:24+00:00","dateModified":"2024-01-20T17:04:32+00:00","description":"Aviso legal del Colegio Newman con toda la informaci\u00f3n jur\u00eddica y normativa vigente.","breadcrumb":{"@id":"https:\/\/www.colegionewman.org\/aviso-legal\/#breadcrumb"},"inLanguage":"es","potentialAction":[{"@type":"ReadAction","target":["https:\/\/www.colegionewman.org\/aviso-legal\/"]}]},{"@type":"BreadcrumbList","@id":"https:\/\/www.colegionewman.org\/aviso-legal\/#breadcrumb","itemListElement":[{"@type":"ListItem","position":1,"name":"Portada","item":"https:\/\/www.colegionewman.org\/"},{"@type":"ListItem","position":2,"name":"AVISO LEGAL"}]},{"@type":"WebSite","@id":"https:\/\/www.colegionewman.org\/#website","url":"https:\/\/www.colegionewman.org\/","name":"Colegio Internacional J.H. Newman","description":"Un colegio que te abre al mundo","publisher":{"@id":"https:\/\/www.colegionewman.org\/#organization"},"alternateName":"Colegio Newman","potentialAction":[{"@type":"SearchAction","target":{"@type":"EntryPoint","urlTemplate":"https:\/\/www.colegionewman.org\/?s={search_term_string}"},"query-input":{"@type":"PropertyValueSpecification","valueRequired":true,"valueName":"search_term_string"}}],"inLanguage":"es"},{"@type":"Organization","@id":"https:\/\/www.colegionewman.org\/#organization","name":"Colegio Internacional J.H. Newman","alternateName":"Colegio Newman","url":"https:\/\/www.colegionewman.org\/","logo":{"@type":"ImageObject","inLanguage":"es","@id":"https:\/\/www.colegionewman.org\/#\/schema\/logo\/image\/","url":"https:\/\/www.colegionewman.org\/wp-content\/uploads\/logo_mini_newman_Mesa-de-trabajo-1.png","contentUrl":"https:\/\/www.colegionewman.org\/wp-content\/uploads\/logo_mini_newman_Mesa-de-trabajo-1.png","width":750,"height":750,"caption":"Colegio Internacional J.H. Newman"},"image":{"@id":"https:\/\/www.colegionewman.org\/#\/schema\/logo\/image\/"},"sameAs":["https:\/\/www.instagram.com\/colegiojhnewman\/","https:\/\/www.youtube.com\/channel\/UCUEVCANGRsznbp-DRfSrexw","https:\/\/www.linkedin.com\/company\/colegio-internacional-jh-newman"]}]}},"_links":{"self":[{"href":"https:\/\/www.colegionewman.org\/es_es\/wp-json\/wp\/v2\/pages\/1097","targetHints":{"allow":["GET"]}}],"collection":[{"href":"https:\/\/www.colegionewman.org\/es_es\/wp-json\/wp\/v2\/pages"}],"about":[{"href":"https:\/\/www.colegionewman.org\/es_es\/wp-json\/wp\/v2\/types\/page"}],"author":[{"embeddable":true,"href":"https:\/\/www.colegionewman.org\/es_es\/wp-json\/wp\/v2\/users\/1"}],"replies":[{"embeddable":true,"href":"https:\/\/www.colegionewman.org\/es_es\/wp-json\/wp\/v2\/comments?post=1097"}],"version-history":[{"count":4,"href":"https:\/\/www.colegionewman.org\/es_es\/wp-json\/wp\/v2\/pages\/1097\/revisions"}],"predecessor-version":[{"id":1736,"href":"https:\/\/www.colegionewman.org\/es_es\/wp-json\/wp\/v2\/pages\/1097\/revisions\/1736"}],"wp:attachment":[{"href":"https:\/\/www.colegionewman.org\/es_es\/wp-json\/wp\/v2\/media?parent=1097"}],"curies":[{"name":"wp","href":"https:\/\/api.w.org\/{rel}","templated":true}]}}