{"id":29983,"date":"2024-10-24T11:02:31","date_gmt":"2024-10-24T09:02:31","guid":{"rendered":"https:\/\/www.colegionewman.org\/all-events\/"},"modified":"2024-10-24T11:02:31","modified_gmt":"2024-10-24T09:02:31","slug":"all-events","status":"publish","type":"page","link":"https:\/\/www.colegionewman.org\/en\/all-events\/","title":{"rendered":"Events"},"content":{"rendered":"<div class=\"emagic\">\r\n        <input type=\"hidden\" id=\"ep-events-style\" value=\"staggered_grid\"\/> \r\n    <div class=\"ep-events-container ep-box-wrap ep-staggered_grid-view ep-my-4\" id=\"ep-events-container\">\r\n                \r\n        \r\n        <div id=\"ep-events-content-container\" class=\"ep-mt-4\">                <div class=\"ep-events ep-box-row ep-event-list-staggered_grid-container  ep_events_front_views_staggered_grid_200\" id=\"ep_events_front_views_staggered_grid\" data-section_id=\"200\">\r\n                    \r\n    <div class=\"ep-event-card ep-mb-4 ep-card-col-\">\r\n        <div class=\"ep-box-card-item ep-border ep-rounded ep-overflow-hidden\">\r\n            <div class=\"ep-box-card-thumb ep-overflow-hidden ep-position-relative\">\r\n                                    <a href=\"https:\/\/www.colegionewman.org\/en\/all-events\/?event=30826\" target=\"&quot;_blank&quot;\" class=\"ep-img-link\">\r\n                            <img loading=\"lazy\" decoding=\"async\" width=\"1000\" height=\"561\" src=\"https:\/\/www.colegionewman.org\/wp-content\/uploads\/Graduacion-2024-scaled-1.jpg\" class=\"img-fluid ep-rounded-1 ep-box-w-100 ep-event-cover\" alt=\"Graduaci\u00f3n Bachillerato\" srcset=\"https:\/\/www.colegionewman.org\/wp-content\/uploads\/Graduacion-2024-scaled-1.jpg 1000w, https:\/\/www.colegionewman.org\/wp-content\/uploads\/Graduacion-2024-scaled-1-300x168.jpg 300w, https:\/\/www.colegionewman.org\/wp-content\/uploads\/Graduacion-2024-scaled-1-768x431.jpg 768w, https:\/\/www.colegionewman.org\/wp-content\/uploads\/Graduacion-2024-scaled-1-705x396.jpg 705w\" sizes=\"auto, (max-width: 1000px) 100vw, 1000px\" \/>                    <\/a>                <div class=\"ep-box-card-icon-group ep-position-absolute ep-bg-white ep-rounded-top ep-d-inline-flex\">\r\n                    <!--wishlist-->\r\n                                    <div class=\"ep-wishlist-action-wrap\">\r\n                    <div class=\"ep-event-action ep_event_wishlist_action ep-px-2\" id=\"ep_event_wishlist_action_30826\" data-event_id=\"30826\" title=\"\u00a1Me gusta!\">\r\n                        <span class=\"material-icons-outlined ep-handle-fav ep-cursor ep-button-text-color ep-fs-6\">favorite_border<\/span>\r\n                    <\/div>\r\n                <\/div>                    <!--social sharing-->\r\n                                        \r\n                                    <\/div>\r\n            <\/div>\r\n            \r\n            \r\n            <div class=\"ep-box-card-content ep-text-small ep-p-3 ep-bg-white ep-d-flex ep-flex-column\">\r\n                <!-- Event Title -->\r\n                <div class=\"ep-box-title ep-box-card-title ep-mb-2\">\r\n                    <a href=\"https:\/\/www.colegionewman.org\/en\/all-events\/?event=30826\" target=\"&quot;_blank&quot;\" class=\"ep-fw-bold ep-fs-6 ep-my-3 ep-text-dark\">\r\n                        Graduaci\u00f3n Bachillerato                    <\/a>\r\n                <\/div>                    <div class=\"ep-event-details ep-d-flex ep-justify-content-between ep-mb-2\">\r\n                        <div class=\"ep-card-event-date ep-d-flex ep-text-muted\">\r\n                            <div class=\"ep-card-event-date-wrap ep-d-flex ep-fw-bold\">\r\n                                                                    <span class=\"ep-card-event-date-start ep-text-primary\">\r\n                                        Wed, 13\/05\/2026 19:00                                    <\/span>                            <\/div>\r\n                        <\/div>\r\n                    <\/div>\r\n                \r\n                <!-- Event Description -->\r\n                <div class=\"ep-box-card-desc-masonry ep-box-card-desc ep-text-small ep-mb-2\">\r\n                    Sal\u00f3n de Actos Colegio Internacional J.H. Newman                <\/div>\r\n\r\n                <!-- Hook after event description -->\r\n                                \r\n                <!-- Event Price -->\r\n                \r\n                <!-- Booking Status -->\r\n                            <\/div>\r\n            \r\n            \r\n            <div class=\"ep-text-center ep-card-footer ep-border-top ep-bg-white\">\r\n                                    <a href=\"https:\/\/www.colegionewman.org\/en\/all-events\/?event=30826\" target=\"_blank\" rel=\"noopener\">\r\n                        <div class=\"ep-btn ep-btn-dark ep-box-w-100 ep-my-0 ep-py-2\">\r\n                            <span class=\"ep-fw-bold ep-text-small\">Ver Detalles<\/span>\r\n                        <\/div>\r\n                    <\/a>\r\n                            <\/div>\r\n\r\n            \r\n        <\/div>\r\n    <\/div>\r\n    <div class=\"ep-event-card ep-mb-4 ep-card-col-\">\r\n        <div class=\"ep-box-card-item ep-border ep-rounded ep-overflow-hidden\">\r\n            <div class=\"ep-box-card-thumb ep-overflow-hidden ep-position-relative\">\r\n                                    <a href=\"https:\/\/www.colegionewman.org\/en\/all-events\/?event=31817\" target=\"&quot;_blank&quot;\" class=\"ep-img-link\">\r\n                            <img loading=\"lazy\" decoding=\"async\" width=\"728\" height=\"1030\" src=\"https:\/\/www.colegionewman.org\/wp-content\/uploads\/SUMMER-1-728x1030.jpg\" class=\"img-fluid ep-rounded-1 ep-box-w-100 ep-event-cover\" alt=\"SUMMER CAMP\" srcset=\"https:\/\/www.colegionewman.org\/wp-content\/uploads\/SUMMER-1-728x1030.jpg 728w, https:\/\/www.colegionewman.org\/wp-content\/uploads\/SUMMER-1-212x300.jpg 212w, https:\/\/www.colegionewman.org\/wp-content\/uploads\/SUMMER-1-768x1086.jpg 768w, https:\/\/www.colegionewman.org\/wp-content\/uploads\/SUMMER-1-1086x1536.jpg 1086w, https:\/\/www.colegionewman.org\/wp-content\/uploads\/SUMMER-1-8x12.jpg 8w, https:\/\/www.colegionewman.org\/wp-content\/uploads\/SUMMER-1-1061x1500.jpg 1061w, https:\/\/www.colegionewman.org\/wp-content\/uploads\/SUMMER-1-498x705.jpg 498w, https:\/\/www.colegionewman.org\/wp-content\/uploads\/SUMMER-1.jpg 1414w\" sizes=\"auto, (max-width: 728px) 100vw, 728px\" \/>                    <\/a>                <div class=\"ep-box-card-icon-group ep-position-absolute ep-bg-white ep-rounded-top ep-d-inline-flex\">\r\n                    <!--wishlist-->\r\n                                    <div class=\"ep-wishlist-action-wrap\">\r\n                    <div class=\"ep-event-action ep_event_wishlist_action ep-px-2\" id=\"ep_event_wishlist_action_31817\" data-event_id=\"31817\" title=\"\u00a1Me gusta!\">\r\n                        <span class=\"material-icons-outlined ep-handle-fav ep-cursor ep-button-text-color ep-fs-6\">favorite_border<\/span>\r\n                    <\/div>\r\n                <\/div>                    <!--social sharing-->\r\n                                        \r\n                                    <\/div>\r\n            <\/div>\r\n            \r\n            \r\n            <div class=\"ep-box-card-content ep-text-small ep-p-3 ep-bg-white ep-d-flex ep-flex-column\">\r\n                <!-- Event Title -->\r\n                <div class=\"ep-box-title ep-box-card-title ep-mb-2\">\r\n                    <a href=\"https:\/\/www.colegionewman.org\/en\/all-events\/?event=31817\" target=\"&quot;_blank&quot;\" class=\"ep-fw-bold ep-fs-6 ep-my-3 ep-text-dark\">\r\n                        SUMMER CAMP                    <\/a>\r\n                <\/div>                    <div class=\"ep-event-details ep-d-flex ep-justify-content-between ep-mb-2\">\r\n                        <div class=\"ep-card-event-date ep-d-flex ep-text-muted\">\r\n                            <div class=\"ep-card-event-date-wrap ep-d-flex ep-fw-bold\">\r\n                                                                    <span class=\"ep-card-event-date-start ep-text-primary\">\r\n                                        Mon, 22\/06\/2026 09:30                                    <\/span>                            <\/div>\r\n                        <\/div>\r\n                    <\/div>\r\n                \r\n                <!-- Event Description -->\r\n                <div class=\"ep-box-card-desc-masonry ep-box-card-desc ep-text-small ep-mb-2\">\r\n                    Si quieres pasar un verano incre\u00edble, \u00a1en Madrid tambi\u00e9n es posible! Disfruta con amigos de talleres, juegos, excursiones, ba\u00f1os en la piscina y mucho m\u00e1s, en un entorno completamente de inmersi\u00f3n ling\u00fc\u00edstica en ingl\u00e9s en las amplias instalaciones del Colegio Internacional J.H. Newman del Barrio de Las Rosas. Para solicitar y reservar tu plaza, puedes hacerlo a trav\u00e9s de CIFRA. INFO                <\/div>\r\n\r\n                <!-- Hook after event description -->\r\n                                \r\n                <!-- Event Price -->\r\n                \r\n                <!-- Booking Status -->\r\n                            <\/div>\r\n            \r\n            \r\n            <div class=\"ep-text-center ep-card-footer ep-border-top ep-bg-white\">\r\n                                        <a href=\"https:\/\/www.colegionewman.org\/en\/all-events\/?event=31817\" target=\"_blank\" rel=\"noopener\">\r\n                            <div class=\"ep-btn ep-btn-dark ep-box-w-100 ep-my-0 ep-py-2\">\r\n                                <span class=\"ep-fw-bold ep-text-small\">Ver Detalles<\/span>\r\n                            <\/div>\r\n                        <\/a>\r\n                                <\/div>\r\n\r\n            \r\n        <\/div>\r\n    <\/div>\r\n                <\/div>\r\n                                <\/div>\r\n            <\/div><\/div>","protected":false},"excerpt":{"rendered":"","protected":false},"author":1,"featured_media":0,"parent":0,"menu_order":0,"comment_status":"closed","ping_status":"closed","template":"","meta":{"footnotes":""},"class_list":["post-29983","page","type-page","status-publish","hentry"],"yoast_head":"<!-- This site is optimized with the Yoast SEO plugin v27.3 - https:\/\/yoast.com\/product\/yoast-seo-wordpress\/ -->\n<title>Eventos acad\u00e9micos en colegio concertado Madrid<\/title>\n<meta name=\"description\" content=\"Todos los eventos del Colegio Newman reunidos en un solo lugar: formaci\u00f3n, cultura, deporte y comunidad.\" \/>\n<meta name=\"robots\" content=\"index, follow, max-snippet:-1, max-image-preview:large, max-video-preview:-1\" \/>\n<link rel=\"canonical\" href=\"https:\/\/www.colegionewman.org\/en\/all-events\/\" \/>\n<meta property=\"og:locale\" content=\"en_GB\" \/>\n<meta property=\"og:type\" content=\"article\" \/>\n<meta property=\"og:title\" content=\"Eventos acad\u00e9micos en colegio concertado Madrid\" \/>\n<meta property=\"og:description\" content=\"Todos los eventos del Colegio Newman reunidos en un solo lugar: formaci\u00f3n, cultura, deporte y comunidad.\" \/>\n<meta property=\"og:url\" content=\"https:\/\/www.colegionewman.org\/en\/all-events\/\" \/>\n<meta property=\"og:site_name\" content=\"Colegio Internacional J.H. Newman\" \/>\n<meta property=\"og:image\" content=\"https:\/\/www.colegionewman.org\/wp-content\/uploads\/Logo-Newman-1.png\" \/>\n\t<meta property=\"og:image:width\" content=\"3385\" \/>\n\t<meta property=\"og:image:height\" content=\"1509\" \/>\n\t<meta property=\"og:image:type\" content=\"image\/png\" \/>\n<meta name=\"twitter:card\" content=\"summary_large_image\" \/>\n<script type=\"application\/ld+json\" class=\"yoast-schema-graph\">{\"@context\":\"https:\\\/\\\/schema.org\",\"@graph\":[{\"@type\":\"WebPage\",\"@id\":\"https:\\\/\\\/www.colegionewman.org\\\/all-events\\\/\",\"url\":\"https:\\\/\\\/www.colegionewman.org\\\/all-events\\\/\",\"name\":\"Eventos acad\u00e9micos en colegio concertado Madrid\",\"isPartOf\":{\"@id\":\"https:\\\/\\\/www.colegionewman.org\\\/#website\"},\"datePublished\":\"2024-10-24T09:02:31+00:00\",\"description\":\"Todos los eventos del Colegio Newman reunidos en un solo lugar: formaci\u00f3n, cultura, deporte y comunidad.\",\"breadcrumb\":{\"@id\":\"https:\\\/\\\/www.colegionewman.org\\\/all-events\\\/#breadcrumb\"},\"inLanguage\":\"en-GB\",\"potentialAction\":[{\"@type\":\"ReadAction\",\"target\":[\"https:\\\/\\\/www.colegionewman.org\\\/all-events\\\/\"]}]},{\"@type\":\"BreadcrumbList\",\"@id\":\"https:\\\/\\\/www.colegionewman.org\\\/all-events\\\/#breadcrumb\",\"itemListElement\":[{\"@type\":\"ListItem\",\"position\":1,\"name\":\"Portada\",\"item\":\"https:\\\/\\\/www.colegionewman.org\\\/\"},{\"@type\":\"ListItem\",\"position\":2,\"name\":\"Events\"}]},{\"@type\":\"WebSite\",\"@id\":\"https:\\\/\\\/www.colegionewman.org\\\/#website\",\"url\":\"https:\\\/\\\/www.colegionewman.org\\\/\",\"name\":\"Colegio Internacional J.H. Newman\",\"description\":\"Un colegio que te abre al mundo\",\"publisher\":{\"@id\":\"https:\\\/\\\/www.colegionewman.org\\\/#organization\"},\"alternateName\":\"Colegio Newman\",\"potentialAction\":[{\"@type\":\"SearchAction\",\"target\":{\"@type\":\"EntryPoint\",\"urlTemplate\":\"https:\\\/\\\/www.colegionewman.org\\\/?s={search_term_string}\"},\"query-input\":{\"@type\":\"PropertyValueSpecification\",\"valueRequired\":true,\"valueName\":\"search_term_string\"}}],\"inLanguage\":\"en-GB\"},{\"@type\":\"Organization\",\"@id\":\"https:\\\/\\\/www.colegionewman.org\\\/#organization\",\"name\":\"Colegio Internacional J.H. Newman\",\"alternateName\":\"Colegio Newman\",\"url\":\"https:\\\/\\\/www.colegionewman.org\\\/\",\"logo\":{\"@type\":\"ImageObject\",\"inLanguage\":\"en-GB\",\"@id\":\"https:\\\/\\\/www.colegionewman.org\\\/#\\\/schema\\\/logo\\\/image\\\/\",\"url\":\"https:\\\/\\\/www.colegionewman.org\\\/wp-content\\\/uploads\\\/logo_mini_newman_Mesa-de-trabajo-1.png\",\"contentUrl\":\"https:\\\/\\\/www.colegionewman.org\\\/wp-content\\\/uploads\\\/logo_mini_newman_Mesa-de-trabajo-1.png\",\"width\":750,\"height\":750,\"caption\":\"Colegio Internacional J.H. Newman\"},\"image\":{\"@id\":\"https:\\\/\\\/www.colegionewman.org\\\/#\\\/schema\\\/logo\\\/image\\\/\"},\"sameAs\":[\"https:\\\/\\\/www.instagram.com\\\/colegiojhnewman\\\/\",\"https:\\\/\\\/www.youtube.com\\\/channel\\\/UCUEVCANGRsznbp-DRfSrexw\",\"https:\\\/\\\/www.linkedin.com\\\/company\\\/colegio-internacional-jh-newman\"]}]}<\/script>\n<!-- \/ Yoast SEO plugin. -->","yoast_head_json":{"title":"Eventos acad\u00e9micos en colegio concertado Madrid","description":"Todos los eventos del Colegio Newman reunidos en un solo lugar: formaci\u00f3n, cultura, deporte y comunidad.","robots":{"index":"index","follow":"follow","max-snippet":"max-snippet:-1","max-image-preview":"max-image-preview:large","max-video-preview":"max-video-preview:-1"},"canonical":"https:\/\/www.colegionewman.org\/en\/all-events\/","og_locale":"en_GB","og_type":"article","og_title":"Eventos acad\u00e9micos en colegio concertado Madrid","og_description":"Todos los eventos del Colegio Newman reunidos en un solo lugar: formaci\u00f3n, cultura, deporte y comunidad.","og_url":"https:\/\/www.colegionewman.org\/en\/all-events\/","og_site_name":"Colegio Internacional J.H. Newman","og_image":[{"width":3385,"height":1509,"url":"https:\/\/www.colegionewman.org\/wp-content\/uploads\/Logo-Newman-1.png","type":"image\/png"}],"twitter_card":"summary_large_image","schema":{"@context":"https:\/\/schema.org","@graph":[{"@type":"WebPage","@id":"https:\/\/www.colegionewman.org\/all-events\/","url":"https:\/\/www.colegionewman.org\/all-events\/","name":"Eventos acad\u00e9micos en colegio concertado Madrid","isPartOf":{"@id":"https:\/\/www.colegionewman.org\/#website"},"datePublished":"2024-10-24T09:02:31+00:00","description":"Todos los eventos del Colegio Newman reunidos en un solo lugar: formaci\u00f3n, cultura, deporte y comunidad.","breadcrumb":{"@id":"https:\/\/www.colegionewman.org\/all-events\/#breadcrumb"},"inLanguage":"en-GB","potentialAction":[{"@type":"ReadAction","target":["https:\/\/www.colegionewman.org\/all-events\/"]}]},{"@type":"BreadcrumbList","@id":"https:\/\/www.colegionewman.org\/all-events\/#breadcrumb","itemListElement":[{"@type":"ListItem","position":1,"name":"Portada","item":"https:\/\/www.colegionewman.org\/"},{"@type":"ListItem","position":2,"name":"Events"}]},{"@type":"WebSite","@id":"https:\/\/www.colegionewman.org\/#website","url":"https:\/\/www.colegionewman.org\/","name":"International College J. H. Newman","description":"Un colegio que te abre al mundo","publisher":{"@id":"https:\/\/www.colegionewman.org\/#organization"},"alternateName":"Colegio Newman","potentialAction":[{"@type":"SearchAction","target":{"@type":"EntryPoint","urlTemplate":"https:\/\/www.colegionewman.org\/?s={search_term_string}"},"query-input":{"@type":"PropertyValueSpecification","valueRequired":true,"valueName":"search_term_string"}}],"inLanguage":"en-GB"},{"@type":"Organization","@id":"https:\/\/www.colegionewman.org\/#organization","name":"International College J. H. Newman","alternateName":"Colegio Newman","url":"https:\/\/www.colegionewman.org\/","logo":{"@type":"ImageObject","inLanguage":"en-GB","@id":"https:\/\/www.colegionewman.org\/#\/schema\/logo\/image\/","url":"https:\/\/www.colegionewman.org\/wp-content\/uploads\/logo_mini_newman_Mesa-de-trabajo-1.png","contentUrl":"https:\/\/www.colegionewman.org\/wp-content\/uploads\/logo_mini_newman_Mesa-de-trabajo-1.png","width":750,"height":750,"caption":"Colegio Internacional J.H. Newman"},"image":{"@id":"https:\/\/www.colegionewman.org\/#\/schema\/logo\/image\/"},"sameAs":["https:\/\/www.instagram.com\/colegiojhnewman\/","https:\/\/www.youtube.com\/channel\/UCUEVCANGRsznbp-DRfSrexw","https:\/\/www.linkedin.com\/company\/colegio-internacional-jh-newman"]}]}},"_links":{"self":[{"href":"https:\/\/www.colegionewman.org\/en\/wp-json\/wp\/v2\/pages\/29983","targetHints":{"allow":["GET"]}}],"collection":[{"href":"https:\/\/www.colegionewman.org\/en\/wp-json\/wp\/v2\/pages"}],"about":[{"href":"https:\/\/www.colegionewman.org\/en\/wp-json\/wp\/v2\/types\/page"}],"author":[{"embeddable":true,"href":"https:\/\/www.colegionewman.org\/en\/wp-json\/wp\/v2\/users\/1"}],"replies":[{"embeddable":true,"href":"https:\/\/www.colegionewman.org\/en\/wp-json\/wp\/v2\/comments?post=29983"}],"version-history":[{"count":0,"href":"https:\/\/www.colegionewman.org\/en\/wp-json\/wp\/v2\/pages\/29983\/revisions"}],"wp:attachment":[{"href":"https:\/\/www.colegionewman.org\/en\/wp-json\/wp\/v2\/media?parent=29983"}],"curies":[{"name":"wp","href":"https:\/\/api.w.org\/{rel}","templated":true}]}}